{"id":1200,"date":"2025-06-08T12:59:57","date_gmt":"2025-06-08T10:59:57","guid":{"rendered":"https:\/\/blackstroller.com\/?page_id=1200"},"modified":"2025-07-09T16:41:16","modified_gmt":"2025-07-09T14:41:16","slug":"tiniwini","status":"publish","type":"page","link":"https:\/\/blackstroller.com\/en\/tiniwini\/","title":{"rendered":"Tiniwini Show"},"content":{"rendered":"<div data-elementor-type=\"wp-page\" data-elementor-id=\"1200\" class=\"elementor elementor-1200\" data-elementor-post-type=\"page\">\n\t\t\t\t\t\t<section class=\"elementor-section elementor-top-section elementor-element elementor-element-d7ce7cd elementor-section-boxed elementor-section-height-default elementor-section-height-default\" data-id=\"d7ce7cd\" data-element_type=\"section\" data-e-type=\"section\">\n\t\t\t\t\t\t<div class=\"elementor-container elementor-column-gap-default\">\n\t\t\t\t\t<div class=\"elementor-column elementor-col-100 elementor-top-column elementor-element elementor-element-64fd614\" data-id=\"64fd614\" data-element_type=\"column\" data-e-type=\"column\">\n\t\t\t<div class=\"elementor-widget-wrap elementor-element-populated\">\n\t\t\t\t\t\t<div class=\"elementor-element elementor-element-ee1f3cc elementor-widget elementor-widget-video\" data-id=\"ee1f3cc\" data-element_type=\"widget\" data-e-type=\"widget\" data-settings=\"{&quot;youtube_url&quot;:&quot;https:\\\/\\\/www.youtube.com\\\/watch?v=LmtjNt_UwDY&quot;,&quot;show_image_overlay&quot;:&quot;yes&quot;,&quot;image_overlay&quot;:{&quot;url&quot;:&quot;http:\\\/\\\/blackstroller.com\\\/wp-content\\\/uploads\\\/2025\\\/06\\\/2025_weissheimer_tanzfest_IMG_2875-scaled.jpg&quot;,&quot;id&quot;:1214,&quot;size&quot;:&quot;&quot;,&quot;alt&quot;:&quot;&quot;,&quot;source&quot;:&quot;library&quot;},&quot;video_type&quot;:&quot;youtube&quot;,&quot;controls&quot;:&quot;yes&quot;}\" data-widget_type=\"video.default\">\n\t\t\t\t<div class=\"elementor-widget-container\">\n\t\t\t\t\t\t\t<div class=\"elementor-wrapper elementor-open-inline\">\n\t\t\t<div class=\"elementor-video\"><\/div>\t\t\t\t<div class=\"elementor-custom-embed-image-overlay\" style=\"background-image: url(https:\/\/blackstroller.com\/wp-content\/uploads\/2025\/06\/2025_weissheimer_tanzfest_IMG_2875-scaled.jpg);\">\n\t\t\t\t\t\t\t\t\t\t\t\t\t\t\t\t<div class=\"elementor-custom-embed-play\" role=\"button\" aria-label=\"Play Video\" tabindex=\"0\">\n\t\t\t\t\t\t\t<i aria-hidden=\"true\" class=\"eicon-play\"><\/i>\t\t\t\t\t\t<\/div>\n\t\t\t\t\t\t\t\t\t<\/div>\n\t\t\t\t\t<\/div>\n\t\t\t\t\t\t<\/div>\n\t\t\t\t<\/div>\n\t\t\t\t<div class=\"elementor-element elementor-element-7bd6b2f elementor-widget elementor-widget-heading\" data-id=\"7bd6b2f\" data-element_type=\"widget\" data-e-type=\"widget\" data-widget_type=\"heading.default\">\n\t\t\t\t<div class=\"elementor-widget-container\">\n\t\t\t\t\t<h2 class=\"elementor-heading-title elementor-size-default\">Tiniwini<\/h2>\t\t\t\t<\/div>\n\t\t\t\t<\/div>\n\t\t\t\t<div class=\"elementor-element elementor-element-603bc4b elementor-widget elementor-widget-heading\" data-id=\"603bc4b\" data-element_type=\"widget\" data-e-type=\"widget\" data-widget_type=\"heading.default\">\n\t\t\t\t<div class=\"elementor-widget-container\">\n\t\t\t\t\t<h2 class=\"elementor-heading-title elementor-size-default\">Contemporary Circus - 15 min<\/h2>\t\t\t\t<\/div>\n\t\t\t\t<\/div>\n\t\t\t\t<div class=\"elementor-element elementor-element-1d78cf6 elementor-widget elementor-widget-heading\" data-id=\"1d78cf6\" data-element_type=\"widget\" data-e-type=\"widget\" data-widget_type=\"heading.default\">\n\t\t\t\t<div class=\"elementor-widget-container\">\n\t\t\t\t\t<h2 class=\"elementor-heading-title elementor-size-default\">The Tiniwini Show is a 15-minute whirlwind of dance and acrobatics in which two performers transform the space into surreal architecture. Every jump, every fall changes reality\u2014rhythmic, playful, and full of surprises. Created for festivals and a curious audience, Tiniwini combines comedy, chaos, and precision into a poetic spectacle. Movement becomes language. Time stretches. Nothing stays the same.<\/h2>\t\t\t\t<\/div>\n\t\t\t\t<\/div>\n\t\t\t\t<div class=\"elementor-element elementor-element-51f2727 elementor-widget elementor-widget-heading\" data-id=\"51f2727\" data-element_type=\"widget\" data-e-type=\"widget\" data-widget_type=\"heading.default\">\n\t\t\t\t<div class=\"elementor-widget-container\">\n\t\t\t\t\t<h2 class=\"elementor-heading-title elementor-size-default\"><a href=\"https:\/\/blackstroller.com\/en\/#team\">Ivan Yaher, Juani Rossi<\/a><\/h2>\t\t\t\t<\/div>\n\t\t\t\t<\/div>\n\t\t\t\t<div class=\"elementor-element elementor-element-54de949 elementor-align-right elementor-widget elementor-widget-button\" data-id=\"54de949\" data-element_type=\"widget\" data-e-type=\"widget\" data-widget_type=\"button.default\">\n\t\t\t\t<div class=\"elementor-widget-container\">\n\t\t\t\t\t\t\t\t\t<div class=\"elementor-button-wrapper\">\n\t\t\t\t\t<a class=\"elementor-button elementor-button-link elementor-size-lg\" href=\"https:\/\/blackstroller.com\/en\/#kontakt\">\n\t\t\t\t\t\t<span class=\"elementor-button-content-wrapper\">\n\t\t\t\t\t\t<span class=\"elementor-button-icon\">\n\t\t\t\t<i aria-hidden=\"true\" class=\"fas fa-pencil-alt\"><\/i>\t\t\t<\/span>\n\t\t\t\t\t\t\t\t\t<span class=\"elementor-button-text\">Contact<\/span>\n\t\t\t\t\t<\/span>\n\t\t\t\t\t<\/a>\n\t\t\t\t<\/div>\n\t\t\t\t\t\t\t\t<\/div>\n\t\t\t\t<\/div>\n\t\t\t\t\t<\/div>\n\t\t<\/div>\n\t\t\t\t\t<\/div>\n\t\t<\/section>\n\t\t\t\t<section class=\"elementor-section elementor-top-section elementor-element elementor-element-f85dd8f elementor-section-boxed elementor-section-height-default elementor-section-height-default\" data-id=\"f85dd8f\" data-element_type=\"section\" data-e-type=\"section\">\n\t\t\t\t\t\t<div class=\"elementor-container elementor-column-gap-default\">\n\t\t\t\t\t<div class=\"elementor-column elementor-col-100 elementor-top-column elementor-element elementor-element-8c96835\" data-id=\"8c96835\" data-element_type=\"column\" data-e-type=\"column\">\n\t\t\t<div class=\"elementor-widget-wrap elementor-element-populated\">\n\t\t\t\t\t\t<div class=\"elementor-element elementor-element-3b29d399 elementor-widget elementor-widget-gallery\" data-id=\"3b29d399\" data-element_type=\"widget\" data-e-type=\"widget\" data-settings=\"{&quot;gallery_layout&quot;:&quot;justified&quot;,&quot;ideal_row_height&quot;:{&quot;unit&quot;:&quot;px&quot;,&quot;size&quot;:256,&quot;sizes&quot;:[]},&quot;ideal_row_height_tablet&quot;:{&quot;unit&quot;:&quot;px&quot;,&quot;size&quot;:&quot;350&quot;,&quot;sizes&quot;:[]},&quot;ideal_row_height_mobile&quot;:{&quot;unit&quot;:&quot;px&quot;,&quot;size&quot;:&quot;350&quot;,&quot;sizes&quot;:[]},&quot;gap&quot;:{&quot;unit&quot;:&quot;px&quot;,&quot;size&quot;:21,&quot;sizes&quot;:[]},&quot;lazyload&quot;:&quot;yes&quot;,&quot;gap_tablet&quot;:{&quot;unit&quot;:&quot;px&quot;,&quot;size&quot;:10,&quot;sizes&quot;:[]},&quot;gap_mobile&quot;:{&quot;unit&quot;:&quot;px&quot;,&quot;size&quot;:10,&quot;sizes&quot;:[]},&quot;content_hover_animation&quot;:&quot;fade-in&quot;}\" data-widget_type=\"gallery.default\">\n\t\t\t\t<div class=\"elementor-widget-container\">\n\t\t\t\t\t\t\t<div class=\"elementor-gallery__container\">\n\t\t\t\t\t\t\t<div class=\"e-gallery-item elementor-gallery-item elementor-animated-content\">\n\t\t\t\t\t<div class=\"e-gallery-image elementor-gallery-item__image\" data-thumbnail=\"https:\/\/blackstroller.com\/wp-content\/uploads\/2025\/06\/2025_weissheimer_tanzfest_IMG_2882-scaled.jpg\" data-width=\"2560\" data-height=\"1707\" aria-label=\"\" role=\"img\" ><\/div>\n\t\t\t\t\t\t\t\t\t\t\t\t\t\t<\/div>\n\t\t\t\t\t\t\t<div class=\"e-gallery-item elementor-gallery-item elementor-animated-content\">\n\t\t\t\t\t<div class=\"e-gallery-image elementor-gallery-item__image\" data-thumbnail=\"https:\/\/blackstroller.com\/wp-content\/uploads\/2025\/06\/2025_weissheimer_tanzfest_IMG_2875-scaled.jpg\" data-width=\"1707\" data-height=\"2560\" aria-label=\"\" role=\"img\" ><\/div>\n\t\t\t\t\t\t\t\t\t\t\t\t\t\t<\/div>\n\t\t\t\t\t\t\t<div class=\"e-gallery-item elementor-gallery-item elementor-animated-content\">\n\t\t\t\t\t<div class=\"e-gallery-image elementor-gallery-item__image\" data-thumbnail=\"https:\/\/blackstroller.com\/wp-content\/uploads\/2025\/06\/2025_weissheimer_tanzfest_IMG_2831-scaled.jpg\" data-width=\"2560\" data-height=\"1707\" aria-label=\"\" role=\"img\" ><\/div>\n\t\t\t\t\t\t\t\t\t\t\t\t\t\t<\/div>\n\t\t\t\t\t\t\t<div class=\"e-gallery-item elementor-gallery-item elementor-animated-content\">\n\t\t\t\t\t<div class=\"e-gallery-image elementor-gallery-item__image\" data-thumbnail=\"https:\/\/blackstroller.com\/wp-content\/uploads\/2025\/06\/2025_weissheimer_tanzfest_IMG_2833-scaled.jpg\" data-width=\"2560\" data-height=\"1707\" aria-label=\"\" role=\"img\" ><\/div>\n\t\t\t\t\t\t\t\t\t\t\t\t\t\t<\/div>\n\t\t\t\t\t\t\t<div class=\"e-gallery-item elementor-gallery-item elementor-animated-content\">\n\t\t\t\t\t<div class=\"e-gallery-image elementor-gallery-item__image\" data-thumbnail=\"https:\/\/blackstroller.com\/wp-content\/uploads\/2025\/06\/2025_weissheimer_tanzfest_IMG_2830-scaled.jpg\" data-width=\"2560\" data-height=\"1707\" aria-label=\"\" role=\"img\" ><\/div>\n\t\t\t\t\t\t\t\t\t\t\t\t\t\t<\/div>\n\t\t\t\t\t\t\t<div class=\"e-gallery-item elementor-gallery-item elementor-animated-content\">\n\t\t\t\t\t<div class=\"e-gallery-image elementor-gallery-item__image\" data-thumbnail=\"https:\/\/blackstroller.com\/wp-content\/uploads\/2025\/06\/2025_weissheimer_tanzfest_IMG_3093-scaled.jpg\" data-width=\"1707\" data-height=\"2560\" aria-label=\"\" role=\"img\" ><\/div>\n\t\t\t\t\t\t\t\t\t\t\t\t\t\t<\/div>\n\t\t\t\t\t\t\t<div class=\"e-gallery-item elementor-gallery-item elementor-animated-content\">\n\t\t\t\t\t<div class=\"e-gallery-image elementor-gallery-item__image\" data-thumbnail=\"https:\/\/blackstroller.com\/wp-content\/uploads\/2025\/06\/2025_weissheimer_tanzfest_IMG_2855-scaled.jpg\" data-width=\"2560\" data-height=\"1707\" aria-label=\"\" role=\"img\" ><\/div>\n\t\t\t\t\t\t\t\t\t\t\t\t\t\t<\/div>\n\t\t\t\t\t\t\t<div class=\"e-gallery-item elementor-gallery-item elementor-animated-content\">\n\t\t\t\t\t<div class=\"e-gallery-image elementor-gallery-item__image\" data-thumbnail=\"https:\/\/blackstroller.com\/wp-content\/uploads\/2025\/06\/2025_weissheimer_tanzfest_IMG_2884-scaled.jpg\" data-width=\"2560\" data-height=\"1707\" aria-label=\"\" role=\"img\" ><\/div>\n\t\t\t\t\t\t\t\t\t\t\t\t\t\t<\/div>\n\t\t\t\t\t\t\t<div class=\"e-gallery-item elementor-gallery-item elementor-animated-content\">\n\t\t\t\t\t<div class=\"e-gallery-image elementor-gallery-item__image\" data-thumbnail=\"https:\/\/blackstroller.com\/wp-content\/uploads\/2025\/06\/2025_weissheimer_tanzfest_IMG_2839-scaled.jpg\" data-width=\"2560\" data-height=\"1707\" aria-label=\"\" role=\"img\" ><\/div>\n\t\t\t\t\t\t\t\t\t\t\t\t\t\t<\/div>\n\t\t\t\t\t\t\t<div class=\"e-gallery-item elementor-gallery-item elementor-animated-content\">\n\t\t\t\t\t<div class=\"e-gallery-image elementor-gallery-item__image\" data-thumbnail=\"https:\/\/blackstroller.com\/wp-content\/uploads\/2025\/06\/2025_weissheimer_tanzfest_IMG_2822-scaled.jpg\" data-width=\"2560\" data-height=\"1707\" aria-label=\"\" role=\"img\" ><\/div>\n\t\t\t\t\t\t\t\t\t\t\t\t\t\t<\/div>\n\t\t\t\t\t\t\t<div class=\"e-gallery-item elementor-gallery-item elementor-animated-content\">\n\t\t\t\t\t<div class=\"e-gallery-image elementor-gallery-item__image\" data-thumbnail=\"https:\/\/blackstroller.com\/wp-content\/uploads\/2025\/06\/2025_weissheimer_tanzfest_IMG_2867-scaled.jpg\" data-width=\"1707\" data-height=\"2560\" aria-label=\"\" role=\"img\" ><\/div>\n\t\t\t\t\t\t\t\t\t\t\t\t\t\t<\/div>\n\t\t\t\t\t<\/div>\n\t\t\t\t\t<\/div>\n\t\t\t\t<\/div>\n\t\t\t\t\t<\/div>\n\t\t<\/div>\n\t\t\t\t\t<\/div>\n\t\t<\/section>\n\t\t\t\t<section class=\"elementor-section elementor-top-section elementor-element elementor-element-cb787c1 elementor-section-boxed elementor-section-height-default elementor-section-height-default\" data-id=\"cb787c1\" data-element_type=\"section\" data-e-type=\"section\">\n\t\t\t\t\t\t<div class=\"elementor-container elementor-column-gap-default\">\n\t\t\t\t\t<div class=\"elementor-column elementor-col-100 elementor-top-column elementor-element elementor-element-e8590d4\" data-id=\"e8590d4\" data-element_type=\"column\" data-e-type=\"column\">\n\t\t\t<div class=\"elementor-widget-wrap elementor-element-populated\">\n\t\t\t\t\t\t<div class=\"elementor-element elementor-element-3fb3355 elementor-widget elementor-widget-spacer\" data-id=\"3fb3355\" data-element_type=\"widget\" data-e-type=\"widget\" data-widget_type=\"spacer.default\">\n\t\t\t\t<div class=\"elementor-widget-container\">\n\t\t\t\t\t\t\t<div class=\"elementor-spacer\">\n\t\t\t<div class=\"elementor-spacer-inner\"><\/div>\n\t\t<\/div>\n\t\t\t\t\t\t<\/div>\n\t\t\t\t<\/div>\n\t\t\t\t<div class=\"elementor-element elementor-element-2609388 elementor-widget elementor-widget-heading\" data-id=\"2609388\" data-element_type=\"widget\" data-e-type=\"widget\" data-widget_type=\"heading.default\">\n\t\t\t\t<div class=\"elementor-widget-container\">\n\t\t\t\t\t<h2 class=\"elementor-heading-title elementor-size-medium\">Events<\/h2>\t\t\t\t<\/div>\n\t\t\t\t<\/div>\n\t\t\t\t<div class=\"elementor-element elementor-element-a332a54 elementor-align-center elementor-icon-list--layout-traditional elementor-list-item-link-full_width elementor-widget elementor-widget-icon-list\" data-id=\"a332a54\" data-element_type=\"widget\" data-e-type=\"widget\" data-widget_type=\"icon-list.default\">\n\t\t\t\t<div class=\"elementor-widget-container\">\n\t\t\t\t\t\t\t<ul class=\"elementor-icon-list-items\">\n\t\t\t\t\t\t\t<li class=\"elementor-icon-list-item\">\n\t\t\t\t\t\t\t\t\t\t\t<a href=\"https:\/\/dastanzfest.ch\/basel\/programm\/die-grosse-tanzparade\">\n\n\t\t\t\t\t\t\t\t\t\t\t\t<span class=\"elementor-icon-list-icon\">\n\t\t\t\t\t\t\t<i aria-hidden=\"true\" class=\"fas fa-link\"><\/i>\t\t\t\t\t\t<\/span>\n\t\t\t\t\t\t\t\t\t\t<span class=\"elementor-icon-list-text\">17.05.2025 - Tanzfest Basel<\/span>\n\t\t\t\t\t\t\t\t\t\t\t<\/a>\n\t\t\t\t\t\t\t\t\t<\/li>\n\t\t\t\t\t\t<\/ul>\n\t\t\t\t\t\t<\/div>\n\t\t\t\t<\/div>\n\t\t\t\t\t<\/div>\n\t\t<\/div>\n\t\t\t\t\t<\/div>\n\t\t<\/section>\n\t\t\t\t<section class=\"elementor-section elementor-top-section elementor-element elementor-element-8d1146b elementor-section-boxed elementor-section-height-default elementor-section-height-default\" data-id=\"8d1146b\" data-element_type=\"section\" data-e-type=\"section\">\n\t\t\t\t\t\t<div class=\"elementor-container elementor-column-gap-default\">\n\t\t\t\t\t<div class=\"elementor-column elementor-col-100 elementor-top-column elementor-element elementor-element-30487cf\" data-id=\"30487cf\" data-element_type=\"column\" data-e-type=\"column\">\n\t\t\t<div class=\"elementor-widget-wrap elementor-element-populated\">\n\t\t\t\t\t\t<div class=\"elementor-element elementor-element-c2c497a elementor-align-center elementor-widget elementor-widget-button\" data-id=\"c2c497a\" data-element_type=\"widget\" data-e-type=\"widget\" data-widget_type=\"button.default\">\n\t\t\t\t<div class=\"elementor-widget-container\">\n\t\t\t\t\t\t\t\t\t<div class=\"elementor-button-wrapper\">\n\t\t\t\t\t<a class=\"elementor-button elementor-button-link elementor-size-xl\" href=\"https:\/\/blackstroller.com\/en\/#kontakt\">\n\t\t\t\t\t\t<span class=\"elementor-button-content-wrapper\">\n\t\t\t\t\t\t\t\t\t<span class=\"elementor-button-text\">Request a non-binding offer<\/span>\n\t\t\t\t\t<\/span>\n\t\t\t\t\t<\/a>\n\t\t\t\t<\/div>\n\t\t\t\t\t\t\t\t<\/div>\n\t\t\t\t<\/div>\n\t\t\t\t\t<\/div>\n\t\t<\/div>\n\t\t\t\t\t<\/div>\n\t\t<\/section>\n\t\t\t\t<\/div>","protected":false},"excerpt":{"rendered":"<p>Tiniwini zeitgen\u00f6ssischer Zirkus &#8211; 15 min Die Tiniwini Show ist ein 15-min\u00fctiger Wirbelsturm aus Tanz und Akrobatik, in dem zwei Performer*innen den Raum in surreale Architektur verwandeln. Jeder Sprung, jeder Fall ver\u00e4ndert die Realit\u00e4t, rhythmisch, verspielt und voller \u00dcberraschungen. F\u00fcr Festivals und ein neugieriges Publikum geschaffen, verbindet Tiniwini Komik, Chaos und Pr\u00e4zision zu einem poetischen [&hellip;]<\/p>\n","protected":false},"author":2,"featured_media":0,"parent":0,"menu_order":0,"comment_status":"closed","ping_status":"closed","template":"","meta":{"footnotes":""},"class_list":["post-1200","page","type-page","status-publish","hentry"],"yoast_head":"<!-- This site is optimized with the Yoast SEO plugin v27.4 - https:\/\/yoast.com\/product\/yoast-seo-wordpress\/ -->\n<title>Tiniwini Show - Cie Black Stroller<\/title>\n<meta name=\"robots\" content=\"index, follow, max-snippet:-1, max-image-preview:large, max-video-preview:-1\" \/>\n<link rel=\"canonical\" href=\"https:\/\/blackstroller.com\/en\/tiniwini\/\" \/>\n<meta property=\"og:locale\" content=\"en_US\" \/>\n<meta property=\"og:type\" content=\"article\" \/>\n<meta property=\"og:title\" content=\"Tiniwini Show - Cie Black Stroller\" \/>\n<meta property=\"og:description\" content=\"Tiniwini zeitgen\u00f6ssischer Zirkus &#8211; 15 min Die Tiniwini Show ist ein 15-min\u00fctiger Wirbelsturm aus Tanz und Akrobatik, in dem zwei Performer*innen den Raum in surreale Architektur verwandeln. Jeder Sprung, jeder Fall ver\u00e4ndert die Realit\u00e4t, rhythmisch, verspielt und voller \u00dcberraschungen. F\u00fcr Festivals und ein neugieriges Publikum geschaffen, verbindet Tiniwini Komik, Chaos und Pr\u00e4zision zu einem poetischen [&hellip;]\" \/>\n<meta property=\"og:url\" content=\"https:\/\/blackstroller.com\/en\/tiniwini\/\" \/>\n<meta property=\"og:site_name\" content=\"Cie Black Stroller\" \/>\n<meta property=\"article:modified_time\" content=\"2025-07-09T14:41:16+00:00\" \/>\n<meta name=\"twitter:card\" content=\"summary_large_image\" \/>\n<meta name=\"twitter:label1\" content=\"Est. reading time\" \/>\n\t<meta name=\"twitter:data1\" content=\"1 minute\" \/>\n<script type=\"application\/ld+json\" class=\"yoast-schema-graph\">{\"@context\":\"https:\\\/\\\/schema.org\",\"@graph\":[{\"@type\":\"WebPage\",\"@id\":\"https:\\\/\\\/blackstroller.com\\\/tiniwini\\\/\",\"url\":\"https:\\\/\\\/blackstroller.com\\\/tiniwini\\\/\",\"name\":\"Tiniwini Show - Cie Black Stroller\",\"isPartOf\":{\"@id\":\"https:\\\/\\\/blackstroller.com\\\/#website\"},\"datePublished\":\"2025-06-08T10:59:57+00:00\",\"dateModified\":\"2025-07-09T14:41:16+00:00\",\"breadcrumb\":{\"@id\":\"https:\\\/\\\/blackstroller.com\\\/tiniwini\\\/#breadcrumb\"},\"inLanguage\":\"en-US\",\"potentialAction\":[{\"@type\":\"ReadAction\",\"target\":[\"https:\\\/\\\/blackstroller.com\\\/tiniwini\\\/\"]}]},{\"@type\":\"BreadcrumbList\",\"@id\":\"https:\\\/\\\/blackstroller.com\\\/tiniwini\\\/#breadcrumb\",\"itemListElement\":[{\"@type\":\"ListItem\",\"position\":1,\"name\":\"Startseite\",\"item\":\"https:\\\/\\\/blackstroller.com\\\/\"},{\"@type\":\"ListItem\",\"position\":2,\"name\":\"Tiniwini Show\"}]},{\"@type\":\"WebSite\",\"@id\":\"https:\\\/\\\/blackstroller.com\\\/#website\",\"url\":\"https:\\\/\\\/blackstroller.com\\\/\",\"name\":\"Cie Black Stroller\",\"description\":\"Compagnie Black Stroller\",\"publisher\":{\"@id\":\"https:\\\/\\\/blackstroller.com\\\/#organization\"},\"potentialAction\":[{\"@type\":\"SearchAction\",\"target\":{\"@type\":\"EntryPoint\",\"urlTemplate\":\"https:\\\/\\\/blackstroller.com\\\/?s={search_term_string}\"},\"query-input\":{\"@type\":\"PropertyValueSpecification\",\"valueRequired\":true,\"valueName\":\"search_term_string\"}}],\"inLanguage\":\"en-US\"},{\"@type\":\"Organization\",\"@id\":\"https:\\\/\\\/blackstroller.com\\\/#organization\",\"name\":\"Cie Black Stroller\",\"url\":\"https:\\\/\\\/blackstroller.com\\\/\",\"logo\":{\"@type\":\"ImageObject\",\"inLanguage\":\"en-US\",\"@id\":\"https:\\\/\\\/blackstroller.com\\\/#\\\/schema\\\/logo\\\/image\\\/\",\"url\":\"https:\\\/\\\/blackstroller.com\\\/wp-content\\\/uploads\\\/2023\\\/03\\\/Black-stroller-logo.png\",\"contentUrl\":\"https:\\\/\\\/blackstroller.com\\\/wp-content\\\/uploads\\\/2023\\\/03\\\/Black-stroller-logo.png\",\"width\":635,\"height\":602,\"caption\":\"Cie Black Stroller\"},\"image\":{\"@id\":\"https:\\\/\\\/blackstroller.com\\\/#\\\/schema\\\/logo\\\/image\\\/\"}}]}<\/script>\n<!-- \/ Yoast SEO plugin. -->","yoast_head_json":{"title":"Tiniwini Show - Cie Black Stroller","robots":{"index":"index","follow":"follow","max-snippet":"max-snippet:-1","max-image-preview":"max-image-preview:large","max-video-preview":"max-video-preview:-1"},"canonical":"https:\/\/blackstroller.com\/en\/tiniwini\/","og_locale":"en_US","og_type":"article","og_title":"Tiniwini Show - Cie Black Stroller","og_description":"Tiniwini zeitgen\u00f6ssischer Zirkus &#8211; 15 min Die Tiniwini Show ist ein 15-min\u00fctiger Wirbelsturm aus Tanz und Akrobatik, in dem zwei Performer*innen den Raum in surreale Architektur verwandeln. Jeder Sprung, jeder Fall ver\u00e4ndert die Realit\u00e4t, rhythmisch, verspielt und voller \u00dcberraschungen. F\u00fcr Festivals und ein neugieriges Publikum geschaffen, verbindet Tiniwini Komik, Chaos und Pr\u00e4zision zu einem poetischen [&hellip;]","og_url":"https:\/\/blackstroller.com\/en\/tiniwini\/","og_site_name":"Cie Black Stroller","article_modified_time":"2025-07-09T14:41:16+00:00","twitter_card":"summary_large_image","twitter_misc":{"Est. reading time":"1 minute"},"schema":{"@context":"https:\/\/schema.org","@graph":[{"@type":"WebPage","@id":"https:\/\/blackstroller.com\/tiniwini\/","url":"https:\/\/blackstroller.com\/tiniwini\/","name":"Tiniwini Show - Cie Black Stroller","isPartOf":{"@id":"https:\/\/blackstroller.com\/#website"},"datePublished":"2025-06-08T10:59:57+00:00","dateModified":"2025-07-09T14:41:16+00:00","breadcrumb":{"@id":"https:\/\/blackstroller.com\/tiniwini\/#breadcrumb"},"inLanguage":"en-US","potentialAction":[{"@type":"ReadAction","target":["https:\/\/blackstroller.com\/tiniwini\/"]}]},{"@type":"BreadcrumbList","@id":"https:\/\/blackstroller.com\/tiniwini\/#breadcrumb","itemListElement":[{"@type":"ListItem","position":1,"name":"Startseite","item":"https:\/\/blackstroller.com\/"},{"@type":"ListItem","position":2,"name":"Tiniwini Show"}]},{"@type":"WebSite","@id":"https:\/\/blackstroller.com\/#website","url":"https:\/\/blackstroller.com\/","name":"Cie Black Stroller","description":"Compagnie Black Stroller","publisher":{"@id":"https:\/\/blackstroller.com\/#organization"},"potentialAction":[{"@type":"SearchAction","target":{"@type":"EntryPoint","urlTemplate":"https:\/\/blackstroller.com\/?s={search_term_string}"},"query-input":{"@type":"PropertyValueSpecification","valueRequired":true,"valueName":"search_term_string"}}],"inLanguage":"en-US"},{"@type":"Organization","@id":"https:\/\/blackstroller.com\/#organization","name":"Cie Black Stroller","url":"https:\/\/blackstroller.com\/","logo":{"@type":"ImageObject","inLanguage":"en-US","@id":"https:\/\/blackstroller.com\/#\/schema\/logo\/image\/","url":"https:\/\/blackstroller.com\/wp-content\/uploads\/2023\/03\/Black-stroller-logo.png","contentUrl":"https:\/\/blackstroller.com\/wp-content\/uploads\/2023\/03\/Black-stroller-logo.png","width":635,"height":602,"caption":"Cie Black Stroller"},"image":{"@id":"https:\/\/blackstroller.com\/#\/schema\/logo\/image\/"}}]}},"_links":{"self":[{"href":"https:\/\/blackstroller.com\/en\/wp-json\/wp\/v2\/pages\/1200","targetHints":{"allow":["GET"]}}],"collection":[{"href":"https:\/\/blackstroller.com\/en\/wp-json\/wp\/v2\/pages"}],"about":[{"href":"https:\/\/blackstroller.com\/en\/wp-json\/wp\/v2\/types\/page"}],"author":[{"embeddable":true,"href":"https:\/\/blackstroller.com\/en\/wp-json\/wp\/v2\/users\/2"}],"replies":[{"embeddable":true,"href":"https:\/\/blackstroller.com\/en\/wp-json\/wp\/v2\/comments?post=1200"}],"version-history":[{"count":14,"href":"https:\/\/blackstroller.com\/en\/wp-json\/wp\/v2\/pages\/1200\/revisions"}],"predecessor-version":[{"id":1293,"href":"https:\/\/blackstroller.com\/en\/wp-json\/wp\/v2\/pages\/1200\/revisions\/1293"}],"wp:attachment":[{"href":"https:\/\/blackstroller.com\/en\/wp-json\/wp\/v2\/media?parent=1200"}],"curies":[{"name":"wp","href":"https:\/\/api.w.org\/{rel}","templated":true}]}}